{"id":656,"date":"2023-11-16T20:50:22","date_gmt":"2023-11-16T20:50:22","guid":{"rendered":"https:\/\/stage.junobjects.com\/product\/beach-scarf-bandana-copy\/"},"modified":"2025-01-23T18:23:22","modified_gmt":"2025-01-23T15:23:22","slug":"retrograde-sundress","status":"publish","type":"product","link":"https:\/\/stage.junobjects.com\/tr\/urun\/retrograde-sundress\/","title":{"rendered":"Jun &#8220;Retrograde&#8221; Sundress"},"content":{"rendered":"<p class=\"_Shop_Small\">30\u00ba Machine Washable<br \/>\nNo Bleach Used<br \/>\n110\u00baC Ironable<br \/>\nCan be Dry Cleaned<br \/>\nCannot be dried in drum machine<\/p>\n<p class=\"_Shop_Small\">30\u00ba Makinede Y\u0131kanabilir.<br \/>\n\u00c7ama\u015f\u0131r Suyu Kullan\u0131lmamal\u0131d\u0131r.<br \/>\n110\u00baC \u00dct\u00fclenebilir.<br \/>\nKuru Temizleme Yap\u0131labilir.<br \/>\nKurutma makinas\u0131nda kurutulmamal\u0131d\u0131r.<\/p>","protected":false},"excerpt":{"rendered":"<p class=\"_Shop_Small\">2024 Spring \/ Summer Collection<br \/>\nContent: 80% Linen, 20% Polyester<br \/>\nOne size, Breast-lined dress with adjustable straps.<\/p>\n<p class=\"_Shop_Small\">2024 \u0130lkbahar \/ Yaz Koleksiyonu<br \/>\n\u0130\u00e7erik: 80 Keten, %20 Polyester<br \/>\nTek beden, ayarlanabilir ask\u0131l\u0131 g\u00f6\u011f\u00fcs astarl\u0131 elbise.<\/p>","protected":false},"featured_media":784,"template":"","meta":[],"product_brand":[],"product_cat":[37],"product_tag":[45,43,53,52,42,44,54],"class_list":{"0":"post-656","1":"product","2":"type-product","3":"status-publish","4":"has-post-thumbnail","6":"product_cat-clothing","7":"product_tag-accessory","8":"product_tag-bandana","9":"product_tag-pareo","10":"product_tag-sal","11":"product_tag-scarf","12":"product_tag-silk","13":"product_tag-yaz","15":"first","16":"instock","17":"sale","18":"featured","19":"shipping-taxable","20":"purchasable","21":"product-type-simple"},"yoast_head":"<!-- This site is optimized with the Yoast SEO plugin v21.4 - https:\/\/yoast.com\/wordpress\/plugins\/seo\/ -->\n<title>Jun &quot;Retrograde&quot; Sundress &#8212; Jun Objects<\/title>\n<meta name=\"robots\" content=\"index, follow, max-snippet:-1, max-image-preview:large, max-video-preview:-1\" \/>\n<link rel=\"canonical\" href=\"https:\/\/stage.junobjects.com\/tr\/urun\/retrograde-sundress\/\" \/>\n<meta property=\"og:locale\" content=\"tr_TR\" \/>\n<meta property=\"og:type\" content=\"article\" \/>\n<meta property=\"og:title\" content=\"Jun &quot;Retrograde&quot; Sundress &#8212; Jun Objects\" \/>\n<meta property=\"og:description\" content=\"2024 Spring \/ Summer Collection Content: 80% Linen, 20% Polyester One size, Breast-lined dress with adjustable straps. 2024 \u0130lkbahar \/ Yaz Koleksiyonu \u0130\u00e7erik: 80 Keten, %20 Polyester Tek beden, ayarlanabilir ask\u0131l\u0131 g\u00f6\u011f\u00fcs astarl\u0131 elbise.\" \/>\n<meta property=\"og:url\" content=\"https:\/\/stage.junobjects.com\/tr\/urun\/retrograde-sundress\/\" \/>\n<meta property=\"og:site_name\" content=\"Jun Objects\" \/>\n<meta property=\"article:modified_time\" content=\"2025-01-23T15:23:22+00:00\" \/>\n<meta property=\"og:image\" content=\"https:\/\/stage.junobjects.com\/wp-content\/uploads\/2023\/11\/elbise2.jpg\" \/>\n\t<meta property=\"og:image:width\" content=\"1250\" \/>\n\t<meta property=\"og:image:height\" content=\"1500\" \/>\n\t<meta property=\"og:image:type\" content=\"image\/jpeg\" \/>\n<meta name=\"twitter:card\" content=\"summary_large_image\" \/>\n<script type=\"application\/ld+json\" class=\"yoast-schema-graph\">{\"@context\":\"https:\/\/schema.org\",\"@graph\":[{\"@type\":[\"WebPage\",\"ItemPage\"],\"@id\":\"https:\/\/stage.junobjects.com\/product\/retrograde-sundress\/\",\"url\":\"https:\/\/stage.junobjects.com\/product\/retrograde-sundress\/\",\"name\":\"Jun \\\"Retrograde\\\" Sundress &#8212; Jun Objects\",\"isPartOf\":{\"@id\":\"https:\/\/stage.junobjects.com\/#website\"},\"datePublished\":\"2023-11-16T20:50:22+00:00\",\"dateModified\":\"2025-01-23T15:23:22+00:00\",\"breadcrumb\":{\"@id\":\"https:\/\/stage.junobjects.com\/product\/retrograde-sundress\/#breadcrumb\"},\"inLanguage\":\"tr\",\"potentialAction\":[{\"@type\":\"ReadAction\",\"target\":[\"https:\/\/stage.junobjects.com\/product\/retrograde-sundress\/\"]}]},{\"@type\":\"BreadcrumbList\",\"@id\":\"https:\/\/stage.junobjects.com\/product\/retrograde-sundress\/#breadcrumb\",\"itemListElement\":[{\"@type\":\"ListItem\",\"position\":1,\"name\":\"Home\",\"item\":\"https:\/\/stage.junobjects.com\/shop\/\"},{\"@type\":\"ListItem\",\"position\":2,\"name\":\"Shop\",\"item\":\"https:\/\/stage.junobjects.com\/shop\/\"},{\"@type\":\"ListItem\",\"position\":3,\"name\":\"Jun &#8220;Retrograde&#8221; Sundress\"}]},{\"@type\":\"WebSite\",\"@id\":\"https:\/\/stage.junobjects.com\/#website\",\"url\":\"https:\/\/stage.junobjects.com\/\",\"name\":\"Jun Objects \u2014 Tufting, Rugs and Artworks\",\"description\":\"\",\"publisher\":{\"@id\":\"https:\/\/stage.junobjects.com\/#organization\"},\"potentialAction\":[{\"@type\":\"SearchAction\",\"target\":{\"@type\":\"EntryPoint\",\"urlTemplate\":\"https:\/\/stage.junobjects.com\/?s={search_term_string}\"},\"query-input\":\"required name=search_term_string\"}],\"inLanguage\":\"tr\"},{\"@type\":\"Organization\",\"@id\":\"https:\/\/stage.junobjects.com\/#organization\",\"name\":\"Jun Objects \u2014 Tufting, Rugs and Artworks\",\"url\":\"https:\/\/stage.junobjects.com\/\",\"logo\":{\"@type\":\"ImageObject\",\"inLanguage\":\"tr\",\"@id\":\"https:\/\/stage.junobjects.com\/#\/schema\/logo\/image\/\",\"url\":\"https:\/\/stage.junobjects.com\/wp-content\/uploads\/2023\/08\/Juno-logo-4.jpg\",\"contentUrl\":\"https:\/\/stage.junobjects.com\/wp-content\/uploads\/2023\/08\/Juno-logo-4.jpg\",\"width\":1080,\"height\":1080,\"caption\":\"Jun Objects \u2014 Tufting, Rugs and Artworks\"},\"image\":{\"@id\":\"https:\/\/stage.junobjects.com\/#\/schema\/logo\/image\/\"},\"sameAs\":[\"https:\/\/www.instagram.com\/junobjects\/\"]}]}<\/script>\n<!-- \/ Yoast SEO plugin. -->","yoast_head_json":{"title":"Jun \"Retrograde\" Sundress &#8212; Jun Objects","robots":{"index":"index","follow":"follow","max-snippet":"max-snippet:-1","max-image-preview":"max-image-preview:large","max-video-preview":"max-video-preview:-1"},"canonical":"https:\/\/stage.junobjects.com\/tr\/urun\/retrograde-sundress\/","og_locale":"tr_TR","og_type":"article","og_title":"Jun \"Retrograde\" Sundress &#8212; Jun Objects","og_description":"2024 Spring \/ Summer Collection Content: 80% Linen, 20% Polyester One size, Breast-lined dress with adjustable straps. 2024 \u0130lkbahar \/ Yaz Koleksiyonu \u0130\u00e7erik: 80 Keten, %20 Polyester Tek beden, ayarlanabilir ask\u0131l\u0131 g\u00f6\u011f\u00fcs astarl\u0131 elbise.","og_url":"https:\/\/stage.junobjects.com\/tr\/urun\/retrograde-sundress\/","og_site_name":"Jun Objects","article_modified_time":"2025-01-23T15:23:22+00:00","og_image":[{"width":1250,"height":1500,"url":"https:\/\/stage.junobjects.com\/wp-content\/uploads\/2023\/11\/elbise2.jpg","type":"image\/jpeg"}],"twitter_card":"summary_large_image","schema":{"@context":"https:\/\/schema.org","@graph":[{"@type":["WebPage","ItemPage"],"@id":"https:\/\/stage.junobjects.com\/product\/retrograde-sundress\/","url":"https:\/\/stage.junobjects.com\/product\/retrograde-sundress\/","name":"Jun \"Retrograde\" Sundress &#8212; Jun Objects","isPartOf":{"@id":"https:\/\/stage.junobjects.com\/#website"},"datePublished":"2023-11-16T20:50:22+00:00","dateModified":"2025-01-23T15:23:22+00:00","breadcrumb":{"@id":"https:\/\/stage.junobjects.com\/product\/retrograde-sundress\/#breadcrumb"},"inLanguage":"tr","potentialAction":[{"@type":"ReadAction","target":["https:\/\/stage.junobjects.com\/product\/retrograde-sundress\/"]}]},{"@type":"BreadcrumbList","@id":"https:\/\/stage.junobjects.com\/product\/retrograde-sundress\/#breadcrumb","itemListElement":[{"@type":"ListItem","position":1,"name":"Home","item":"https:\/\/stage.junobjects.com\/shop\/"},{"@type":"ListItem","position":2,"name":"Shop","item":"https:\/\/stage.junobjects.com\/shop\/"},{"@type":"ListItem","position":3,"name":"Jun &#8220;Retrograde&#8221; Sundress"}]},{"@type":"WebSite","@id":"https:\/\/stage.junobjects.com\/#website","url":"https:\/\/stage.junobjects.com\/","name":"Jun Objects \u2014 Tufting, Rugs and Artworks","description":"","publisher":{"@id":"https:\/\/stage.junobjects.com\/#organization"},"potentialAction":[{"@type":"SearchAction","target":{"@type":"EntryPoint","urlTemplate":"https:\/\/stage.junobjects.com\/?s={search_term_string}"},"query-input":"required name=search_term_string"}],"inLanguage":"tr"},{"@type":"Organization","@id":"https:\/\/stage.junobjects.com\/#organization","name":"Jun Objects \u2014 Tufting, Rugs and Artworks","url":"https:\/\/stage.junobjects.com\/","logo":{"@type":"ImageObject","inLanguage":"tr","@id":"https:\/\/stage.junobjects.com\/#\/schema\/logo\/image\/","url":"https:\/\/stage.junobjects.com\/wp-content\/uploads\/2023\/08\/Juno-logo-4.jpg","contentUrl":"https:\/\/stage.junobjects.com\/wp-content\/uploads\/2023\/08\/Juno-logo-4.jpg","width":1080,"height":1080,"caption":"Jun Objects \u2014 Tufting, Rugs and Artworks"},"image":{"@id":"https:\/\/stage.junobjects.com\/#\/schema\/logo\/image\/"},"sameAs":["https:\/\/www.instagram.com\/junobjects\/"]}]}},"_links":{"self":[{"href":"https:\/\/stage.junobjects.com\/tr\/wp-json\/wp\/v2\/product\/656","targetHints":{"allow":["GET"]}}],"collection":[{"href":"https:\/\/stage.junobjects.com\/tr\/wp-json\/wp\/v2\/product"}],"about":[{"href":"https:\/\/stage.junobjects.com\/tr\/wp-json\/wp\/v2\/types\/product"}],"wp:featuredmedia":[{"embeddable":true,"href":"https:\/\/stage.junobjects.com\/tr\/wp-json\/wp\/v2\/media\/784"}],"wp:attachment":[{"href":"https:\/\/stage.junobjects.com\/tr\/wp-json\/wp\/v2\/media?parent=656"}],"wp:term":[{"taxonomy":"product_brand","embeddable":true,"href":"https:\/\/stage.junobjects.com\/tr\/wp-json\/wp\/v2\/product_brand?post=656"},{"taxonomy":"product_cat","embeddable":true,"href":"https:\/\/stage.junobjects.com\/tr\/wp-json\/wp\/v2\/product_cat?post=656"},{"taxonomy":"product_tag","embeddable":true,"href":"https:\/\/stage.junobjects.com\/tr\/wp-json\/wp\/v2\/product_tag?post=656"}],"curies":[{"name":"wp","href":"https:\/\/api.w.org\/{rel}","templated":true}]}}